{"id":37,"date":"2026-05-09T10:47:21","date_gmt":"2026-05-09T05:17:21","guid":{"rendered":"https:\/\/onerupeee.com\/?page_id=37"},"modified":"2026-05-09T11:05:28","modified_gmt":"2026-05-09T05:35:28","slug":"tinh-yeu-seo-web","status":"publish","type":"page","link":"https:\/\/onerupeee.com\/","title":{"rendered":"T\u00ccNH Y\u00caU SEO WEB"},"content":{"rendered":"\n<div class=\"slider-wrapper relative\" id=\"slider-1050966810\" >\n    <div class=\"slider slider-nav-circle slider-nav-large slider-nav-light slider-style-normal\"\n        data-flickity-options='{\n            \"cellAlign\": \"center\",\n            \"imagesLoaded\": true,\n            \"lazyLoad\": 1,\n            \"freeScroll\": false,\n            \"wrapAround\": true,\n            \"autoPlay\": 6000,\n            \"pauseAutoPlayOnHover\" : true,\n            \"prevNextButtons\": true,\n            \"contain\" : true,\n            \"adaptiveHeight\" : true,\n            \"dragThreshold\" : 10,\n            \"percentPosition\": true,\n            \"pageDots\": true,\n            \"rightToLeft\": false,\n            \"draggable\": true,\n            \"selectedAttraction\": 0.1,\n            \"parallax\" : 0,\n            \"friction\": 0.6        }'\n        >\n        \n\n\t<div class=\"img has-hover x md-x lg-x y md-y lg-y\" id=\"image_2045796788\">\n\t\t\t\t\t\t\t\t<div class=\"img-inner dark\" >\n\t\t\t<img loading=\"lazy\" decoding=\"async\" width=\"702\" height=\"370\" src=\"https:\/\/onerupeee.com\/wp-content\/uploads\/2026\/05\/banner.jpg\" class=\"attachment-original size-original\" alt=\"banner\" srcset=\"https:\/\/onerupeee.com\/wp-content\/uploads\/2026\/05\/banner.jpg 702w, https:\/\/onerupeee.com\/wp-content\/uploads\/2026\/05\/banner-300x158.jpg 300w, https:\/\/onerupeee.com\/wp-content\/uploads\/2026\/05\/banner-24x13.jpg 24w, https:\/\/onerupeee.com\/wp-content\/uploads\/2026\/05\/banner-36x19.jpg 36w, https:\/\/onerupeee.com\/wp-content\/uploads\/2026\/05\/banner-48x25.jpg 48w\" sizes=\"auto, (max-width: 702px) 100vw, 702px\" \/>\t\t\t\t\t\t\n\t\t\t\t\t<\/div>\n\t\t\t\t\t\t\t\t\n<style>\n#image_2045796788 {\n  width: 100%;\n}\n<\/style>\n\t<\/div>\n\t\n\n\n     <\/div>\n\n     <div class=\"loading-spin dark large centered\"><\/div>\n\n\t<\/div>\n\n\n\n\n\n<h1 class=\"wp-block-heading\">C\u00f4ng Ngh\u1ec7 V\u00e0 S\u1ef1 Thay \u0110\u1ed5i Cu\u1ed9c S\u1ed1ng Con Ng\u01b0\u1eddi<\/h1>\n\n\n\n<p>Trong th\u1ebf k\u1ef7 XXI, c\u00f4ng ngh\u1ec7 \u0111\u00e3 tr\u1edf th\u00e0nh m\u1ed9t ph\u1ea7n kh\u00f4ng th\u1ec3 t\u00e1ch r\u1eddi kh\u1ecfi cu\u1ed9c s\u1ed1ng con ng\u01b0\u1eddi. T\u1eeb nh\u1eefng chi\u1ebfc \u0111i\u1ec7n tho\u1ea1i th\u00f4ng minh nh\u1ecf g\u1ecdn cho \u0111\u1ebfn tr\u00ed tu\u1ec7 nh\u00e2n t\u1ea1o hi\u1ec7n \u0111\u1ea1i, c\u00f4ng ngh\u1ec7 \u0111ang t\u1eebng ng\u00e0y thay \u0111\u1ed5i c\u00e1ch ch\u00fang ta h\u1ecdc t\u1eadp, l\u00e0m vi\u1ec7c, giao ti\u1ebfp v\u00e0 gi\u1ea3i tr\u00ed. C\u00f3 th\u1ec3 n\u00f3i r\u1eb1ng s\u1ef1 ph\u00e1t tri\u1ec3n c\u1ee7a c\u00f4ng ngh\u1ec7 \u0111\u00e3 mang \u0111\u1ebfn nhi\u1ec1u l\u1ee3i \u00edch to l\u1edbn cho x\u00e3 h\u1ed9i, nh\u01b0ng \u0111\u1ed3ng th\u1eddi c\u0169ng \u0111\u1eb7t ra kh\u00f4ng \u00edt th\u00e1ch th\u1ee9c c\u1ea7n \u0111\u01b0\u1ee3c quan t\u00e2m.<\/p>\n\n\n\n<p>Tr\u01b0\u1edbc h\u1ebft, c\u00f4ng ngh\u1ec7 gi\u00fap con ng\u01b0\u1eddi k\u1ebft n\u1ed1i v\u1edbi nhau d\u1ec5 d\u00e0ng h\u01a1n bao gi\u1edd h\u1ebft. Ch\u1ec9 v\u1edbi m\u1ed9t chi\u1ebfc \u0111i\u1ec7n tho\u1ea1i c\u00f3 k\u1ebft n\u1ed1i internet, ch\u00fang ta c\u00f3 th\u1ec3 tr\u00f2 chuy\u1ec7n v\u1edbi b\u1ea1n b\u00e8, ng\u01b0\u1eddi th\u00e2n \u1edf b\u1ea5t k\u1ef3 \u0111\u00e2u tr\u00ean th\u1ebf gi\u1edbi. C\u00e1c m\u1ea1ng x\u00e3 h\u1ed9i nh\u01b0 Facebook, TikTok hay Instagram kh\u00f4ng ch\u1ec9 gi\u00fap chia s\u1ebb th\u00f4ng tin m\u00e0 c\u00f2n t\u1ea1o n\u00ean nh\u1eefng c\u1ed9ng \u0111\u1ed3ng tr\u1ef1c tuy\u1ebfn r\u1ed9ng l\u1edbn. Nh\u1edd c\u00f4ng ngh\u1ec7, kho\u1ea3ng c\u00e1ch \u0111\u1ecba l\u00fd d\u01b0\u1eddng nh\u01b0 \u0111\u01b0\u1ee3c x\u00f3a b\u1ecf, gi\u00fap con ng\u01b0\u1eddi hi\u1ec3u nhau v\u00e0 g\u1eafn k\u1ebft h\u01a1n.<\/p>\n\n\n\n<p>B\u00ean c\u1ea1nh \u0111\u00f3, c\u00f4ng ngh\u1ec7 c\u0169ng \u0111\u00f3ng vai tr\u00f2 quan tr\u1ecdng trong gi\u00e1o d\u1ee5c. Tr\u01b0\u1edbc \u0111\u00e2y, vi\u1ec7c h\u1ecdc ch\u1ee7 y\u1ebfu di\u1ec5n ra trong l\u1edbp h\u1ecdc truy\u1ec1n th\u1ed1ng v\u1edbi s\u00e1ch v\u1edf gi\u1ea5y t\u1edd. Ng\u00e0y nay, h\u1ecdc sinh v\u00e0 sinh vi\u00ean c\u00f3 th\u1ec3 h\u1ecdc tr\u1ef1c tuy\u1ebfn th\u00f4ng qua c\u00e1c \u1ee9ng d\u1ee5ng v\u00e0 n\u1ec1n t\u1ea3ng h\u1ecdc t\u1eadp hi\u1ec7n \u0111\u1ea1i. Ch\u1ec9 c\u1ea7n c\u00f3 internet, ng\u01b0\u1eddi h\u1ecdc c\u00f3 th\u1ec3 ti\u1ebfp c\u1eadn kho ki\u1ebfn th\u1ee9c kh\u1ed5ng l\u1ed3 t\u1eeb kh\u1eafp n\u01a1i tr\u00ean th\u1ebf gi\u1edbi. \u0110i\u1ec1u n\u00e0y gi\u00fap vi\u1ec7c h\u1ecdc tr\u1edf n\u00ean linh ho\u1ea1t, ti\u1ebft ki\u1ec7m th\u1eddi gian v\u00e0 t\u1ea1o c\u01a1 h\u1ed9i h\u1ecdc t\u1eadp cho nhi\u1ec1u ng\u01b0\u1eddi h\u01a1n.<\/p>\n\n\n\n<p>Trong l\u0129nh v\u1ef1c y t\u1ebf, c\u00f4ng ngh\u1ec7 \u0111\u00e3 g\u00f3p ph\u1ea7n c\u1ee9u s\u1ed1ng h\u00e0ng tri\u1ec7u ng\u01b0\u1eddi. C\u00e1c thi\u1ebft b\u1ecb hi\u1ec7n \u0111\u1ea1i gi\u00fap b\u00e1c s\u0129 ch\u1ea9n \u0111o\u00e1n b\u1ec7nh ch\u00ednh x\u00e1c h\u01a1n v\u00e0 \u0111i\u1ec1u tr\u1ecb hi\u1ec7u qu\u1ea3 h\u01a1n. Robot ph\u1eabu thu\u1eadt, tr\u00ed tu\u1ec7 nh\u00e2n t\u1ea1o hay h\u1ed3 s\u01a1 b\u1ec7nh \u00e1n \u0111i\u1ec7n t\u1eed \u0111ang gi\u00fap ng\u00e0nh y ph\u00e1t tri\u1ec3n nhanh ch\u00f3ng. Ngo\u00e0i ra, trong \u0111\u1ea1i d\u1ecbch COVID-19, c\u00f4ng ngh\u1ec7 c\u00f2n h\u1ed7 tr\u1ee3 vi\u1ec7c theo d\u00f5i d\u1ecbch b\u1ec7nh, h\u1ecdc t\u1eadp v\u00e0 l\u00e0m vi\u1ec7c t\u1eeb xa, gi\u00fap x\u00e3 h\u1ed9i duy tr\u00ec ho\u1ea1t \u0111\u1ed9ng trong giai \u0111o\u1ea1n kh\u00f3 kh\u0103n.<\/p>\n\n\n\n<p>Kh\u00f4ng ch\u1ec9 v\u1eady, c\u00f4ng ngh\u1ec7 c\u00f2n th\u00fac \u0111\u1ea9y kinh t\u1ebf ph\u00e1t tri\u1ec3n m\u1ea1nh m\u1ebd. Nhi\u1ec1u c\u00f4ng vi\u1ec7c m\u1edbi xu\u1ea5t hi\u1ec7n nh\u1edd s\u1ef1 ph\u00e1t tri\u1ec3n c\u1ee7a internet v\u00e0 tr\u00ed tu\u1ec7 nh\u00e2n t\u1ea1o. C\u00e1c doanh nghi\u1ec7p c\u00f3 th\u1ec3 qu\u1ea3ng b\u00e1 s\u1ea3n ph\u1ea9m, b\u00e1n h\u00e0ng tr\u1ef1c tuy\u1ebfn v\u00e0 ti\u1ebfp c\u1eadn kh\u00e1ch h\u00e0ng tr\u00ean to\u00e0n c\u1ea7u. \u0110i\u1ec1u n\u00e0y gi\u00fap t\u0103ng n\u0103ng su\u1ea5t lao \u0111\u1ed9ng v\u00e0 t\u1ea1o ra nhi\u1ec1u c\u01a1 h\u1ed9i vi\u1ec7c l\u00e0m cho con ng\u01b0\u1eddi.<\/p>\n\n\n\n<p>Tuy nhi\u00ean, b\u00ean c\u1ea1nh nh\u1eefng l\u1ee3i \u00edch to l\u1edbn, c\u00f4ng ngh\u1ec7 c\u0169ng mang l\u1ea1i nhi\u1ec1u m\u1eb7t ti\u00eau c\u1ef1c. M\u1ed9t trong s\u1ed1 \u0111\u00f3 l\u00e0 s\u1ef1 ph\u1ee5 thu\u1ed9c qu\u00e1 m\u1ee9c v\u00e0o thi\u1ebft b\u1ecb \u0111i\u1ec7n t\u1eed. Nhi\u1ec1u ng\u01b0\u1eddi d\u00e0nh qu\u00e1 nhi\u1ec1u th\u1eddi gian cho \u0111i\u1ec7n tho\u1ea1i v\u00e0 m\u1ea1ng x\u00e3 h\u1ed9i, d\u1eabn \u0111\u1ebfn gi\u1ea3m kh\u1ea3 n\u0103ng giao ti\u1ebfp tr\u1ef1c ti\u1ebfp v\u00e0 \u1ea3nh h\u01b0\u1edfng \u0111\u1ebfn s\u1ee9c kh\u1ecfe. Ngo\u00e0i ra, vi\u1ec7c ti\u1ebfp x\u00fac qu\u00e1 nhi\u1ec1u v\u1edbi internet c\u0169ng khi\u1ebfn con ng\u01b0\u1eddi d\u1ec5 b\u1ecb \u1ea3nh h\u01b0\u1edfng b\u1edfi th\u00f4ng tin sai l\u1ec7ch ho\u1eb7c c\u00e1c n\u1ed9i dung ti\u00eau c\u1ef1c.<\/p>\n\n\n\n<p>M\u1ed9t v\u1ea5n \u0111\u1ec1 kh\u00e1c l\u00e0 nguy c\u01a1 m\u1ea5t vi\u1ec7c l\u00e0m do t\u1ef1 \u0111\u1ed9ng h\u00f3a. Khi robot v\u00e0 tr\u00ed tu\u1ec7 nh\u00e2n t\u1ea1o ng\u00e0y c\u00e0ng ph\u00e1t tri\u1ec3n, nhi\u1ec1u c\u00f4ng vi\u1ec7c th\u1ee7 c\u00f4ng c\u00f3 th\u1ec3 b\u1ecb thay th\u1ebf. \u0110i\u1ec1u n\u00e0y \u0111\u00f2i h\u1ecfi con ng\u01b0\u1eddi ph\u1ea3i kh\u00f4ng ng\u1eebng h\u1ecdc h\u1ecfi v\u00e0 n\u00e2ng cao k\u1ef9 n\u0103ng \u0111\u1ec3 th\u00edch nghi v\u1edbi th\u1eddi \u0111\u1ea1i m\u1edbi. N\u1ebfu kh\u00f4ng chu\u1ea9n b\u1ecb t\u1ed1t, nhi\u1ec1u ng\u01b0\u1eddi c\u00f3 th\u1ec3 b\u1ecb t\u1ee5t l\u1ea1i ph\u00eda sau trong cu\u1ed9c c\u1ea1nh tranh c\u00f4ng ngh\u1ec7.<\/p>\n\n\n\n<p>Ngo\u00e0i ra, v\u1ea5n \u0111\u1ec1 b\u1ea3o m\u1eadt th\u00f4ng tin c\u00e1 nh\u00e2n c\u0169ng \u0111ang tr\u1edf n\u00ean \u0111\u00e1ng lo ng\u1ea1i. Trong th\u1eddi \u0111\u1ea1i s\u1ed1, d\u1eef li\u1ec7u c\u00e1 nh\u00e2n c\u00f3 th\u1ec3 b\u1ecb \u0111\u00e1nh c\u1eafp ho\u1eb7c s\u1eed d\u1ee5ng sai m\u1ee5c \u0111\u00edch. C\u00e1c v\u1ee5 l\u1eeba \u0111\u1ea3o tr\u1ef1c tuy\u1ebfn, hack t\u00e0i kho\u1ea3n hay \u0111\u00e1nh c\u1eafp th\u00f4ng tin ng\u00e0y c\u00e0ng ph\u1ed5 bi\u1ebfn, khi\u1ebfn ng\u01b0\u1eddi d\u00f9ng internet c\u1ea7n c\u1ea9n tr\u1ecdng h\u01a1n khi s\u1eed d\u1ee5ng c\u00f4ng ngh\u1ec7.<\/p>\n\n\n\n<p>T\u00f3m l\u1ea1i, c\u00f4ng ngh\u1ec7 l\u00e0 m\u1ed9t th\u00e0nh t\u1ef1u v\u0129 \u0111\u1ea1i c\u1ee7a nh\u00e2n lo\u1ea1i v\u00e0 \u0111ang g\u00f3p ph\u1ea7n thay \u0111\u1ed5i th\u1ebf gi\u1edbi theo h\u01b0\u1edbng hi\u1ec7n \u0111\u1ea1i h\u01a1n. C\u00f4ng ngh\u1ec7 mang \u0111\u1ebfn nhi\u1ec1u l\u1ee3i \u00edch trong h\u1ecdc t\u1eadp, y t\u1ebf, kinh t\u1ebf v\u00e0 \u0111\u1eddi s\u1ed1ng h\u1eb1ng ng\u00e0y. Tuy nhi\u00ean, b\u00ean c\u1ea1nh nh\u1eefng m\u1eb7t t\u00edch c\u1ef1c, con ng\u01b0\u1eddi c\u0169ng c\u1ea7n s\u1eed d\u1ee5ng c\u00f4ng ngh\u1ec7 m\u1ed9t c\u00e1ch th\u00f4ng minh v\u00e0 c\u00f3 tr\u00e1ch nhi\u1ec7m \u0111\u1ec3 h\u1ea1n ch\u1ebf nh\u1eefng t\u00e1c \u0111\u1ed9ng ti\u00eau c\u1ef1c. Trong t\u01b0\u01a1ng lai, c\u00f4ng ngh\u1ec7 ch\u1eafc ch\u1eafn s\u1ebd ti\u1ebfp t\u1ee5c ph\u00e1t tri\u1ec3n m\u1ea1nh m\u1ebd, v\u00e0 \u0111i\u1ec1u quan tr\u1ecdng l\u00e0 con ng\u01b0\u1eddi ph\u1ea3i bi\u1ebft l\u00e0m ch\u1ee7 c\u00f4ng ngh\u1ec7 thay v\u00ec \u0111\u1ec3 c\u00f4ng ngh\u1ec7 ki\u1ec3m so\u00e1t cu\u1ed9c s\u1ed1ng c\u1ee7a m\u00ecnh.<\/p>\n","protected":false},"excerpt":{"rendered":"<p>C\u00f4ng Ngh\u1ec7 V\u00e0 S\u1ef1 Thay \u0110\u1ed5i Cu\u1ed9c S\u1ed1ng Con Ng\u01b0\u1eddi Trong th\u1ebf k\u1ef7 XXI, c\u00f4ng ngh\u1ec7 \u0111\u00e3 tr\u1edf th\u00e0nh m\u1ed9t ph\u1ea7n kh\u00f4ng th\u1ec3 t\u00e1ch r\u1eddi kh\u1ecfi cu\u1ed9c s\u1ed1ng con ng\u01b0\u1eddi. T\u1eeb nh\u1eefng chi\u1ebfc \u0111i\u1ec7n tho\u1ea1i th\u00f4ng minh nh\u1ecf g\u1ecdn cho \u0111\u1ebfn tr\u00ed tu\u1ec7 nh\u00e2n t\u1ea1o hi\u1ec7n \u0111\u1ea1i, c\u00f4ng ngh\u1ec7 \u0111ang t\u1eebng ng\u00e0y thay \u0111\u1ed5i c\u00e1ch [&#8230;]\n","protected":false},"author":1,"featured_media":0,"parent":0,"menu_order":0,"comment_status":"closed","ping_status":"closed","template":"","meta":{"footnotes":""},"class_list":["post-37","page","type-page","status-publish","hentry"],"_links":{"self":[{"href":"https:\/\/onerupeee.com\/index.php?rest_route=\/wp\/v2\/pages\/37","targetHints":{"allow":["GET"]}}],"collection":[{"href":"https:\/\/onerupeee.com\/index.php?rest_route=\/wp\/v2\/pages"}],"about":[{"href":"https:\/\/onerupeee.com\/index.php?rest_route=\/wp\/v2\/types\/page"}],"author":[{"embeddable":true,"href":"https:\/\/onerupeee.com\/index.php?rest_route=\/wp\/v2\/users\/1"}],"replies":[{"embeddable":true,"href":"https:\/\/onerupeee.com\/index.php?rest_route=%2Fwp%2Fv2%2Fcomments&post=37"}],"version-history":[{"count":4,"href":"https:\/\/onerupeee.com\/index.php?rest_route=\/wp\/v2\/pages\/37\/revisions"}],"predecessor-version":[{"id":47,"href":"https:\/\/onerupeee.com\/index.php?rest_route=\/wp\/v2\/pages\/37\/revisions\/47"}],"wp:attachment":[{"href":"https:\/\/onerupeee.com\/index.php?rest_route=%2Fwp%2Fv2%2Fmedia&parent=37"}],"curies":[{"name":"wp","href":"https:\/\/api.w.org\/{rel}","templated":true}]}}